{"id":791,"date":"2022-07-28T07:00:19","date_gmt":"2022-07-28T07:00:19","guid":{"rendered":"https:\/\/startersites.io\/elementor\/bizconsult\/?page_id=791"},"modified":"2025-10-01T08:30:53","modified_gmt":"2025-10-01T08:30:53","slug":"about-us","status":"publish","type":"page","link":"https:\/\/ap-gaied.eu\/de\/about-us\/","title":{"rendered":"\u00dcber uns"},"content":{"rendered":"<div data-elementor-type=\"wp-page\" data-elementor-id=\"791\" class=\"elementor elementor-791\">\n\t\t\t\t<div class=\"elementor-element elementor-element-0605351 e-flex e-con-boxed e-con e-parent\" data-id=\"0605351\" data-element_type=\"container\" data-e-type=\"container\" data-settings=\"{&quot;background_background&quot;:&quot;classic&quot;}\">\n\t\t\t\t\t<div class=\"e-con-inner\">\n\t\t<div class=\"elementor-element elementor-element-b8c6b2e e-flex e-con-boxed e-con e-child\" data-id=\"b8c6b2e\" data-element_type=\"container\" data-e-type=\"container\">\n\t\t\t\t\t<div class=\"e-con-inner\">\n\t\t<div class=\"elementor-element elementor-element-bed78c0 e-con-full e-flex e-con e-child\" data-id=\"bed78c0\" data-element_type=\"container\" data-e-type=\"container\">\n\t\t\t\t<div class=\"elementor-element elementor-element-b166df6 elementor-widget elementor-widget-heading\" data-id=\"b166df6\" data-element_type=\"widget\" data-e-type=\"widget\" data-widget_type=\"heading.default\">\n\t\t\t\t\t<h3 class=\"elementor-heading-title elementor-size-default\">\u00dcber uns<\/h3>\t\t\t\t<\/div>\n\t\t\t\t<\/div>\n\t\t\t\t\t<\/div>\n\t\t\t\t<\/div>\n\t\t\t\t\t<\/div>\n\t\t\t\t<\/div>\n\t\t<div class=\"elementor-element elementor-element-4394740 e-flex e-con-boxed e-con e-parent\" data-id=\"4394740\" data-element_type=\"container\" data-e-type=\"container\">\n\t\t\t\t\t<div class=\"e-con-inner\">\n\t\t<div class=\"elementor-element elementor-element-b36431d e-con-full e-flex e-con e-child\" data-id=\"b36431d\" data-element_type=\"container\" data-e-type=\"container\">\n\t\t\t\t<div class=\"elementor-element elementor-element-27b1a21 elementor-widget elementor-widget-text-editor\" data-id=\"27b1a21\" data-element_type=\"widget\" data-e-type=\"widget\" data-widget_type=\"text-editor.default\">\n\t\t\t\t\t\t\t\t\t<p data-prosemirror-content-type=\"node\" data-prosemirror-node-name=\"paragraph\" data-prosemirror-node-block=\"true\" data-pm-slice=\"1 1 []\"><strong data-prosemirror-content-type=\"mark\" data-prosemirror-mark-name=\"strong\">Eine fortgeschrittene Perspektive f\u00fcr die Integration generativer KI in Bildungssysteme (AP-GAIED)<\/strong>\u00a0(Projektnr.\u00a0<span style=\"font-family: inherit; font-size: inherit; font-style: inherit; font-variant-ligatures: inherit; font-variant-caps: inherit; font-weight: inherit;\">2024-2-HU01-KA220-HED-000282245)\u00a0<\/span><span style=\"font-family: inherit; font-size: inherit; font-style: inherit; font-variant-ligatures: inherit; font-variant-caps: inherit; font-weight: inherit;\">wurde im Rahmen von Erasmus+-Kooperationspartnerschaften im Hochschulbereich als Reaktion auf den durch KI verursachten gesellschaftlichen Wandel ins Leben gerufen. Da die KI die Hochschullandschaft weiter umkrempelt, sind ihre Integration in den akademischen Prozess und KI-Kenntnisse wichtiger denn je. Dieses innovative Projekt bringt Partner aus Ungarn, Deutschland, Polen, Griechenland und Litauen zusammen, um die Frage der Integration von KI in die Hochschulbildung zu erforschen, ihr Potenzial zu erkunden, die ethischen und rechtlichen Aspekte ihrer Nutzung zu beleuchten und neue Perspektiven und Antworten auf die Bed\u00fcrfnisse der Hochschulbildung zu entwickeln. Im Rahmen des Projekts werden Fallstudien aus der Praxis und die Literatur zu diesem Thema kritisch untersucht und gepr\u00fcft und Berichte ver\u00f6ffentlicht, um ein besseres und umfassenderes Verst\u00e4ndnis des Themas zu erm\u00f6glichen. Die ultimative Vision ist es, einen neuen, modernen und umfassenden Lehrplan f\u00fcr den effektiven Einsatz von KI in der Hochschulbildung zu erstellen und ihn in ausgew\u00e4hlten Hochschuleinrichtungen zu erproben, um seine Anpassungsf\u00e4higkeit zu gew\u00e4hrleisten.<\/span><\/p>\t\t\t\t\t\t\t\t<\/div>\n\t\t\t\t<\/div>\n\t\t<div class=\"elementor-element elementor-element-4086456 e-con-full e-flex e-con e-child\" data-id=\"4086456\" data-element_type=\"container\" data-e-type=\"container\">\n\t\t\t\t<div class=\"elementor-element elementor-element-2c0c892 elementor-widget__width-initial elementor-hidden-tablet elementor-hidden-mobile elementor-widget elementor-widget-image\" data-id=\"2c0c892\" data-element_type=\"widget\" data-e-type=\"widget\" data-widget_type=\"image.default\">\n\t\t\t\t\t\t\t\t\t\t\t\t\t\t\t<img fetchpriority=\"high\" decoding=\"async\" width=\"1024\" height=\"683\" src=\"https:\/\/ap-gaied.eu\/wp-content\/uploads\/2025\/07\/pexels-fauxels-3183150-1024x683.jpg\" class=\"attachment-large size-large wp-image-1500\" alt=\"\" srcset=\"https:\/\/ap-gaied.eu\/wp-content\/uploads\/2025\/07\/pexels-fauxels-3183150-1024x683.jpg 1024w, https:\/\/ap-gaied.eu\/wp-content\/uploads\/2025\/07\/pexels-fauxels-3183150-300x200.jpg 300w, https:\/\/ap-gaied.eu\/wp-content\/uploads\/2025\/07\/pexels-fauxels-3183150-768x513.jpg 768w, https:\/\/ap-gaied.eu\/wp-content\/uploads\/2025\/07\/pexels-fauxels-3183150-1536x1025.jpg 1536w, https:\/\/ap-gaied.eu\/wp-content\/uploads\/2025\/07\/pexels-fauxels-3183150-2048x1367.jpg 2048w\" sizes=\"(max-width: 1024px) 100vw, 1024px\" \/>\t\t\t\t\t\t\t\t\t\t\t\t\t\t\t<\/div>\n\t\t\t\t<\/div>\n\t\t\t\t\t<\/div>\n\t\t\t\t<\/div>\n\t\t<div class=\"elementor-element elementor-element-0fdcd54 e-flex e-con-boxed e-con e-parent\" data-id=\"0fdcd54\" data-element_type=\"container\" data-e-type=\"container\">\n\t\t\t\t\t<div class=\"e-con-inner\">\n\t\t\t\t<div class=\"elementor-element elementor-element-1d17e80 elementor-widget-divider--view-line elementor-widget elementor-widget-divider\" data-id=\"1d17e80\" data-element_type=\"widget\" data-e-type=\"widget\" data-widget_type=\"divider.default\">\n\t\t\t\t\t\t\t<div class=\"elementor-divider\">\n\t\t\t<span class=\"elementor-divider-separator\">\n\t\t\t\t\t\t<\/span>\n\t\t<\/div>\n\t\t\t\t\t\t<\/div>\n\t\t\t\t\t<\/div>\n\t\t\t\t<\/div>\n\t\t<div class=\"elementor-element elementor-element-ae399f8 e-flex e-con-boxed e-con e-parent\" data-id=\"ae399f8\" data-element_type=\"container\" data-e-type=\"container\">\n\t\t\t\t\t<div class=\"e-con-inner\">\n\t\t<div class=\"elementor-element elementor-element-428f7e4 e-con-full e-flex e-con e-child\" data-id=\"428f7e4\" data-element_type=\"container\" data-e-type=\"container\">\n\t\t\t\t<div class=\"elementor-element elementor-element-42b6335 elementor-widget elementor-widget-heading\" data-id=\"42b6335\" data-element_type=\"widget\" data-e-type=\"widget\" data-widget_type=\"heading.default\">\n\t\t\t\t\t<h2 class=\"elementor-heading-title elementor-size-default\">Zielsetzungen<\/h2>\t\t\t\t<\/div>\n\t\t\t\t<\/div>\n\t\t<div class=\"elementor-element elementor-element-4ef4009 e-con-full e-flex e-con e-child\" data-id=\"4ef4009\" data-element_type=\"container\" data-e-type=\"container\">\n\t\t\t\t<div class=\"elementor-element elementor-element-339ea07 elementor-widget elementor-widget-text-editor\" data-id=\"339ea07\" data-element_type=\"widget\" data-e-type=\"widget\" data-widget_type=\"text-editor.default\">\n\t\t\t\t\t\t\t\t\t<p>AP-GAIED hat sich zum Ziel gesetzt, eine neue Perspektive f\u00fcr die Integration von KI in die Hochschulbildung zu schaffen, indem es sich auf drei Hauptziele konzentriert:<\/p>\t\t\t\t\t\t\t\t<\/div>\n\t\t\t\t<\/div>\n\t\t\t\t\t<\/div>\n\t\t\t\t<\/div>\n\t\t<div class=\"elementor-element elementor-element-ec55753 e-flex e-con-boxed e-con e-parent\" data-id=\"ec55753\" data-element_type=\"container\" data-e-type=\"container\">\n\t\t\t\t\t<div class=\"e-con-inner\">\n\t\t<div class=\"elementor-element elementor-element-707bfd5 e-con-full ct-iconbox e-flex e-con e-child\" data-id=\"707bfd5\" data-element_type=\"container\" data-e-type=\"container\" data-settings=\"{&quot;background_background&quot;:&quot;classic&quot;}\">\n\t\t\t\t<div class=\"elementor-element elementor-element-cf557ea elementor-widget__width-initial elementor-widget elementor-widget-heading\" data-id=\"cf557ea\" data-element_type=\"widget\" data-e-type=\"widget\" data-widget_type=\"heading.default\">\n\t\t\t\t\t<h2 class=\"elementor-heading-title elementor-size-default\">Kartierung der Landschaft: Untersuchung des Anwendungsbereichs der generativen KI in der Hochschulbildung<\/h2>\t\t\t\t<\/div>\n\t\t\t\t<div class=\"elementor-element elementor-element-7381db9 elementor-widget elementor-widget-text-editor\" data-id=\"7381db9\" data-element_type=\"widget\" data-e-type=\"widget\" data-widget_type=\"text-editor.default\">\n\t\t\t\t\t\t\t\t\t<p>Definition des Anwendungsbereichs von generativer KI in Bildungskontexten. Wir wollen eine gr\u00fcndliche Untersuchung bestehender Anwendungsf\u00e4lle generativer KI in verschiedenen Bildungskontexten an den teilnehmenden Hochschulen und dar\u00fcber hinaus durchf\u00fchren. Ziel ist es, den aktuellen Einsatz von KI-Tools zu erfassen und zu spezifizieren, bew\u00e4hrte Verfahren zu analysieren und L\u00fccken in der Anwendung zu identifizieren. Diese Forschung leitet das Projekt bei der Definition der effektivsten Wege zur Integration von KI in Lern- und Lehrprozesse und bildet die Grundlage f\u00fcr die breitere Anwendung von KI-Technologien in der Hochschulbildung. Die Ergebnisse dieser Arbeit tragen direkt dazu bei, den Umfang der Rolle von KI in der Bildung zu definieren, was f\u00fcr die Gew\u00e4hrleistung ihres effektiven und verantwortungsvollen Einsatzes von entscheidender Bedeutung ist.<\/p>\t\t\t\t\t\t\t\t<\/div>\n\t\t\t\t<\/div>\n\t\t<div class=\"elementor-element elementor-element-1875002 e-con-full ct-iconbox e-flex e-con e-child\" data-id=\"1875002\" data-element_type=\"container\" data-e-type=\"container\" data-settings=\"{&quot;background_background&quot;:&quot;classic&quot;}\">\n\t\t\t\t<div class=\"elementor-element elementor-element-0bcf8d0 elementor-widget__width-initial elementor-widget elementor-widget-heading\" data-id=\"0bcf8d0\" data-element_type=\"widget\" data-e-type=\"widget\" data-widget_type=\"heading.default\">\n\t\t\t\t\t<h2 class=\"elementor-heading-title elementor-size-default\">Verantwortungsvolle KI im Bildungswesen: Rechtliche, ethische und praktische Perspektiven<\/h2>\t\t\t\t<\/div>\n\t\t\t\t<div class=\"elementor-element elementor-element-54309e8 elementor-widget elementor-widget-text-editor\" data-id=\"54309e8\" data-element_type=\"widget\" data-e-type=\"widget\" data-widget_type=\"text-editor.default\">\n\t\t\t\t\t\t\t\t\t<p>Identifizierung rechtlicher, ethischer und praktischer Anwendungsfragen im Zusammenhang mit generativer KI. Dieses Ziel beinhaltet die Durchf\u00fchrung einer systematischen Literaturrecherche, die sich auf den Einsatz von generativer KI in formalen Bildungssystemen konzentriert. Wir untersuchen kritisch ethische Implikationen, Datenschutz, Cybersicherheitsrisiken und ihre Auswirkungen auf die Bildungsgerechtigkeit.<\/p>\t\t\t\t\t\t\t\t<\/div>\n\t\t\t\t<\/div>\n\t\t<div class=\"elementor-element elementor-element-bbf4a73 e-con-full ct-iconbox e-flex e-con e-child\" data-id=\"bbf4a73\" data-element_type=\"container\" data-e-type=\"container\" data-settings=\"{&quot;background_background&quot;:&quot;classic&quot;}\">\n\t\t\t\t<div class=\"elementor-element elementor-element-e53b193 elementor-widget__width-initial elementor-widget elementor-widget-heading\" data-id=\"e53b193\" data-element_type=\"widget\" data-e-type=\"widget\" data-widget_type=\"heading.default\">\n\t\t\t\t\t<h2 class=\"elementor-heading-title elementor-size-default\">Kartierung der Landschaft: Untersuchung des Anwendungsbereichs der generativen KI in der Hochschulbildung<\/h2>\t\t\t\t<\/div>\n\t\t\t\t<div class=\"elementor-element elementor-element-277274f elementor-widget elementor-widget-text-editor\" data-id=\"277274f\" data-element_type=\"widget\" data-e-type=\"widget\" data-widget_type=\"text-editor.default\">\n\t\t\t\t\t\t\t\t\t<p>Ein umfassendes Curriculum f\u00fcr den Einsatz generativer KI in der Bildung vorschlagen. Unser Ziel ist es, einen generativen KI-basierten Lehrplan zu entwerfen und zu implementieren, der auf Hochschuleinrichtungen zugeschnitten ist und Studenten und P\u00e4dagogen die notwendigen Werkzeuge an die Hand gibt, um KI in ihrem akademischen und beruflichen Leben zu verstehen und zu nutzen. Dieser Lehrplan umfasst theoretische Grundlagen, praktische Anwendungen, ethische \u00dcberlegungen und Fallstudien zum Einsatz von GenAI.<\/p>\t\t\t\t\t\t\t\t<\/div>\n\t\t\t\t<\/div>\n\t\t\t\t\t<\/div>\n\t\t\t\t<\/div>\n\t\t\t\t<\/div>","protected":false},"excerpt":{"rendered":"<p>About Us An Advanced Perspective on the Generative AI Integration into Educational Systems (AP-GAIED)\u00a0(project nr.\u00a02024-2-HU01-KA220-HED-000282245)\u00a0project was created under Erasmus+ Cooperation partnerships in higher education in response to the ongoing social transformation caused by AI. As AI continues to shake up the landscape of higher education, its integration into the academic process and AI literacy are [&hellip;]<\/p>\n","protected":false},"author":1,"featured_media":0,"parent":0,"menu_order":0,"comment_status":"closed","ping_status":"closed","template":"","meta":{"footnotes":""},"class_list":["post-791","page","type-page","status-publish","hentry"],"blocksy_meta":{"page_title_panel":"","has_hero_section":"disabled","da5b4872f9e8334623972e2d166fd56a":"","hero_section":"type-1","hero_elements":[{"id":"custom_title","enabled":true,"heading_tag":"h1","title":"Startseite"},{"id":"custom_description","enabled":true,"description_visibility":{"desktop":true,"tablet":true,"mobile":false}},{"id":"custom_meta","enabled":false,"meta_elements":[{"id":"author","enabled":true,"label":"By","has_author_avatar":"yes","avatar_size":25},{"id":"post_date","enabled":true,"label":"On","date_format_source":"default","date_format":"M j, Y"},{"id":"updated_date","enabled":false,"label":"On","date_format_source":"default","date_format":"M j, Y"},{"id":"categories","enabled":false,"label":"In","style":"simple"},{"id":"comments","enabled":true}],"page_meta_elements":{"joined":true,"articles_count":true,"comments":true}},{"id":"breadcrumbs","enabled":false}],"e6d535d3e1e37507fc0033d9ef7c98b0":"","hero_alignment1":"CT_CSS_SKIP_RULE","hero_margin":40,"hero_alignment2":"center","hero_vertical_alignment":"center","af604582675f2c6b2d61704d7aa0b27c":"","hero_structure":"narrow","ce6f705cef06fac676ecc48a8a6948fd":"","page_title_bg_type":"featured_image","custom_hero_background":{"attachment_id":null},"page_title_image_size":"full","parallax":{"desktop":false,"tablet":false,"mobile":false},"bd6f81ef84ae85f9e69d912b8ee9c623":"","hero_height":"250px","pageTitleFont":{"family":"Default","variation":"Default","size":"30px","line-height":"CT_CSS_SKIP_RULE","letter-spacing":"CT_CSS_SKIP_RULE","text-transform":"CT_CSS_SKIP_RULE","text-decoration":"CT_CSS_SKIP_RULE"},"pageTitleFontColor":{"default":{"color":"CT_CSS_SKIP_RULEDEFAULT"}},"pageMetaFont":{"family":"Default","variation":"n6","size":"12px","line-height":"1.3","letter-spacing":"CT_CSS_SKIP_RULE","text-transform":"uppercase","text-decoration":"CT_CSS_SKIP_RULE"},"pageMetaFontColor":{"default":{"color":"CT_CSS_SKIP_RULEDEFAULT"},"hover":{"color":"CT_CSS_SKIP_RULEDEFAULT"}},"page_meta_button_type_font_colors":{"default":{"color":"CT_CSS_SKIP_RULEDEFAULT"},"hover":{"color":"CT_CSS_SKIP_RULEDEFAULT"}},"page_meta_button_type_background_colors":{"default":{"color":"CT_CSS_SKIP_RULEDEFAULT"},"hover":{"color":"CT_CSS_SKIP_RULEDEFAULT"}},"pageExcerptFont":{"family":"Default","variation":"Default","size":"CT_CSS_SKIP_RULE","line-height":"CT_CSS_SKIP_RULE","letter-spacing":"CT_CSS_SKIP_RULE","text-transform":"CT_CSS_SKIP_RULE","text-decoration":"CT_CSS_SKIP_RULE"},"pageExcerptColor":{"default":{"color":"CT_CSS_SKIP_RULEDEFAULT"}},"breadcrumbsFont":{"family":"Default","variation":"Default","size":"CT_CSS_SKIP_RULE","line-height":"CT_CSS_SKIP_RULE","letter-spacing":"CT_CSS_SKIP_RULE","text-transform":"CT_CSS_SKIP_RULE","text-decoration":"CT_CSS_SKIP_RULE"},"breadcrumbsFontColor":{"default":{"color":"CT_CSS_SKIP_RULEDEFAULT"},"initial":{"color":"CT_CSS_SKIP_RULEDEFAULT"},"hover":{"color":"CT_CSS_SKIP_RULEDEFAULT"}},"pageTitleOverlay":{"background_type":"color","background_pattern":"type-1","background_image":{"attachment_id":null,"x":0,"y":0},"gradient":"linear-gradient(135deg,rgba(6,147,227,1) 0%,rgb(155,81,224) 100%)","background_repeat":"repeat","background_size":"auto","background_attachment":"scroll","patternColor":{"default":{"color":"#e5e7ea"}},"overlayColor":{"default":{"color":"CT_CSS_SKIP_RULE"}},"backgroundColor":{"default":{"color":"CT_CSS_SKIP_RULE"}}},"pageTitleBackground":{"background_type":"color","background_pattern":"type-1","background_image":{"attachment_id":null,"x":0,"y":0},"gradient":"linear-gradient(135deg,rgba(6,147,227,1) 0%,rgb(155,81,224) 100%)","background_repeat":"repeat","background_size":"auto","background_attachment":"scroll","patternColor":{"default":{"color":"#e5e7ea"}},"overlayColor":{"default":{"color":"CT_CSS_SKIP_RULE"}},"backgroundColor":{"default":{"color":"var(--theme-palette-color-6)"}}},"pageTitlePadding":{"top":"50px","bottom":"50px","left":"auto","right":"auto","linked":true},"8c4a6d2961d44fcfa49a0dd572b8a506":"","page_structure_type":"default","702871a7ab24e49134d063076717b1f5":"","content_style_source":"inherit","content_style":"wide","vertical_spacing_source":"custom","content_area_spacing":"none","background":{"background_type":"color","background_pattern":"type-1","background_image":{"attachment_id":null,"x":0,"y":0},"gradient":"linear-gradient(135deg,rgba(6,147,227,1) 0%,rgb(155,81,224) 100%)","background_repeat":"repeat","background_size":"auto","background_attachment":"scroll","patternColor":{"default":{"color":"#e5e7ea"}},"overlayColor":{"default":{"color":"CT_CSS_SKIP_RULE"}},"backgroundColor":{"default":{"color":"CT_CSS_SKIP_RULE"}}},"content_background":{"background_type":"color","background_pattern":"type-1","background_image":{"attachment_id":null,"x":0,"y":0},"gradient":"linear-gradient(135deg,rgba(6,147,227,1) 0%,rgb(155,81,224) 100%)","background_repeat":"repeat","background_size":"auto","background_attachment":"scroll","patternColor":{"default":{"color":"#e5e7ea"}},"overlayColor":{"default":{"color":"CT_CSS_SKIP_RULE"}},"backgroundColor":{"default":{"color":"var(--theme-palette-color-8)"}}},"content_boxed_shadow":{"inherit":false,"blur":18,"spread":-6,"v_offset":12,"h_offset":0,"inset":false,"enable":true,"color":{"color":"rgba(34, 56, 101, 0.04)"}},"content_boxed_border":{"width":1,"style":"none","color":{"color":"rgba(44,62,80,0.2)"}},"content_boxed_radius":{"top":"3px","bottom":"3px","left":"3px","right":"3px","linked":true},"boxed_content_spacing":{"desktop":{"top":"40px","bottom":"40px","left":"40px","right":"40px","linked":true},"tablet":{"top":"35px","bottom":"35px","left":"35px","right":"35px","linked":true},"mobile":{"top":"20px","bottom":"20px","left":"20px","right":"20px","linked":true}},"7922427f56353a5999fd9b23b8da9b06":"","disable_featured_image":"no","disable_share_box":"no","disable_header":"no","disable_footer":"no","styles_descriptor":{"styles":{"desktop":"","tablet":"","mobile":""},"google_fonts":[],"version":6}},"_links":{"self":[{"href":"https:\/\/ap-gaied.eu\/de\/wp-json\/wp\/v2\/pages\/791","targetHints":{"allow":["GET"]}}],"collection":[{"href":"https:\/\/ap-gaied.eu\/de\/wp-json\/wp\/v2\/pages"}],"about":[{"href":"https:\/\/ap-gaied.eu\/de\/wp-json\/wp\/v2\/types\/page"}],"author":[{"embeddable":true,"href":"https:\/\/ap-gaied.eu\/de\/wp-json\/wp\/v2\/users\/1"}],"replies":[{"embeddable":true,"href":"https:\/\/ap-gaied.eu\/de\/wp-json\/wp\/v2\/comments?post=791"}],"version-history":[{"count":90,"href":"https:\/\/ap-gaied.eu\/de\/wp-json\/wp\/v2\/pages\/791\/revisions"}],"predecessor-version":[{"id":2360,"href":"https:\/\/ap-gaied.eu\/de\/wp-json\/wp\/v2\/pages\/791\/revisions\/2360"}],"wp:attachment":[{"href":"https:\/\/ap-gaied.eu\/de\/wp-json\/wp\/v2\/media?parent=791"}],"curies":[{"name":"wp","href":"https:\/\/api.w.org\/{rel}","templated":true}]}}