{"id":1829,"date":"2025-07-25T08:58:00","date_gmt":"2025-07-25T08:58:00","guid":{"rendered":"https:\/\/ap-gaied.eu\/?page_id=1829"},"modified":"2025-07-25T16:26:31","modified_gmt":"2025-07-25T16:26:31","slug":"result3","status":"publish","type":"page","link":"https:\/\/ap-gaied.eu\/lt\/result3\/","title":{"rendered":"result3"},"content":{"rendered":"<div data-elementor-type=\"wp-post\" data-elementor-id=\"1829\" class=\"elementor elementor-1829\">\n\t\t\t\t<div class=\"elementor-element elementor-element-fed4439 e-flex e-con-boxed e-con e-parent\" data-id=\"fed4439\" data-element_type=\"container\" data-e-type=\"container\" data-settings=\"{&quot;background_background&quot;:&quot;classic&quot;}\">\n\t\t\t\t\t<div class=\"e-con-inner\">\n\t\t<div class=\"elementor-element elementor-element-eea42e3 e-con-full e-flex e-con e-child\" data-id=\"eea42e3\" data-element_type=\"container\" data-e-type=\"container\">\n\t\t<div class=\"elementor-element elementor-element-433a44a e-con-full e-flex e-con e-child\" data-id=\"433a44a\" data-element_type=\"container\" data-e-type=\"container\">\n\t\t\t\t<div class=\"elementor-element elementor-element-8f98d84 elementor-widget elementor-widget-heading\" data-id=\"8f98d84\" data-element_type=\"widget\" data-e-type=\"widget\" data-widget_type=\"heading.default\">\n\t\t\t\t\t<h3 class=\"elementor-heading-title elementor-size-default\">Auk\u0161tojo mokslo AI ra\u0161tingumo ir etikos mokymo programa<\/h3>\t\t\t\t<\/div>\n\t\t\t\t<\/div>\n\t\t\t\t<\/div>\n\t\t\t\t\t<\/div>\n\t\t\t\t<\/div>\n\t\t<div class=\"elementor-element elementor-element-f6d3faa e-flex e-con-boxed e-con e-parent\" data-id=\"f6d3faa\" data-element_type=\"container\" data-e-type=\"container\">\n\t\t\t\t\t<div class=\"e-con-inner\">\n\t\t\t\t<div class=\"elementor-element elementor-element-46e213b elementor-widget elementor-widget-spacer\" data-id=\"46e213b\" data-element_type=\"widget\" data-e-type=\"widget\" data-widget_type=\"spacer.default\">\n\t\t\t\t\t\t\t<div class=\"elementor-spacer\">\n\t\t\t<div class=\"elementor-spacer-inner\"><\/div>\n\t\t<\/div>\n\t\t\t\t\t\t<\/div>\n\t\t\t\t\t<\/div>\n\t\t\t\t<\/div>\n\t\t<div class=\"elementor-element elementor-element-6d26bc9 e-flex e-con-boxed e-con e-parent\" data-id=\"6d26bc9\" data-element_type=\"container\" data-e-type=\"container\">\n\t\t\t\t\t<div class=\"e-con-inner\">\n\t\t\t\t<div class=\"elementor-element elementor-element-a708d6d elementor-widget elementor-widget-text-editor\" data-id=\"a708d6d\" data-element_type=\"widget\" data-e-type=\"widget\" data-widget_type=\"text-editor.default\">\n\t\t\t\t\t\t\t\t\t<p><strong>Auk\u0161tosioms mokykloms skirta mokymo programa \u201cDirbtinis intelektas \u0161vietime\u201d, kurioje bus pateikta i\u0161sami generatyvinio dirbtinio intelekto koncepcij\u0173 mokymo sistema, pabr\u0117\u017eiant praktin\u012f taikym\u0105, etinius ir teisinius aspektus, susijusius su \u0161vietimo aplinka. J\u0105 sudarys moduliai apie dirbtinio intelekto pagrindus, duomen\u0173 valdym\u0105, privatum\u0105, intelektin\u0119 nuosavyb\u0119 ir etini\u0173 sprendim\u0173 pri\u0117mim\u0105 dirbtiniu intelektu grind\u017eiamoje \u0161vietimo aplinkoje.<\/strong><\/p>\t\t\t\t\t\t\t\t<\/div>\n\t\t\t\t\t<\/div>\n\t\t\t\t<\/div>\n\t\t<div class=\"elementor-element elementor-element-b504d2b e-flex e-con-boxed e-con e-parent\" data-id=\"b504d2b\" data-element_type=\"container\" data-e-type=\"container\">\n\t\t\t\t\t<div class=\"e-con-inner\">\n\t\t\t\t<div class=\"elementor-element elementor-element-272ab42 elementor-widget elementor-widget-spacer\" data-id=\"272ab42\" data-element_type=\"widget\" data-e-type=\"widget\" data-widget_type=\"spacer.default\">\n\t\t\t\t\t\t\t<div class=\"elementor-spacer\">\n\t\t\t<div class=\"elementor-spacer-inner\"><\/div>\n\t\t<\/div>\n\t\t\t\t\t\t<\/div>\n\t\t\t\t\t<\/div>\n\t\t\t\t<\/div>\n\t\t\t\t<\/div>","protected":false},"excerpt":{"rendered":"<p>AI Literacy and Ethics Curriculum for Higher Education An \u201cArtificial Intelligence in Education\u201d Curriculum for HEIs that will offer a detailed framework for teaching generative AI concepts, emphasizing practical applications, ethical considerations, and legal aspects relevant to educational environments. It will include modules on AI fundamentals, data management, privacy, intellectual property, and ethical decision-making in [&hellip;]<\/p>\n","protected":false},"author":1,"featured_media":0,"parent":0,"menu_order":0,"comment_status":"closed","ping_status":"closed","template":"elementor_header_footer","meta":{"footnotes":""},"class_list":["post-1829","page","type-page","status-publish","hentry"],"blocksy_meta":[],"_links":{"self":[{"href":"https:\/\/ap-gaied.eu\/lt\/wp-json\/wp\/v2\/pages\/1829","targetHints":{"allow":["GET"]}}],"collection":[{"href":"https:\/\/ap-gaied.eu\/lt\/wp-json\/wp\/v2\/pages"}],"about":[{"href":"https:\/\/ap-gaied.eu\/lt\/wp-json\/wp\/v2\/types\/page"}],"author":[{"embeddable":true,"href":"https:\/\/ap-gaied.eu\/lt\/wp-json\/wp\/v2\/users\/1"}],"replies":[{"embeddable":true,"href":"https:\/\/ap-gaied.eu\/lt\/wp-json\/wp\/v2\/comments?post=1829"}],"version-history":[{"count":11,"href":"https:\/\/ap-gaied.eu\/lt\/wp-json\/wp\/v2\/pages\/1829\/revisions"}],"predecessor-version":[{"id":2122,"href":"https:\/\/ap-gaied.eu\/lt\/wp-json\/wp\/v2\/pages\/1829\/revisions\/2122"}],"wp:attachment":[{"href":"https:\/\/ap-gaied.eu\/lt\/wp-json\/wp\/v2\/media?parent=1829"}],"curies":[{"name":"wp","href":"https:\/\/api.w.org\/{rel}","templated":true}]}}